{"id":163,"date":"2019-11-22T14:29:39","date_gmt":"2019-11-22T14:29:39","guid":{"rendered":"http:\/\/coveruppro.es\/?post_type=product&#038;p=163"},"modified":"2025-04-21T12:33:17","modified_gmt":"2025-04-21T12:33:17","slug":"soporte-elektron-digitakt-digitone","status":"publish","type":"product","link":"https:\/\/coverup.pro\/producto\/soporte-elektron-digitakt-digitone\/","title":{"rendered":"Soporte Elektron Digitakt \/ Digitone"},"content":{"rendered":"","protected":false},"excerpt":{"rendered":"<p>ste soporte especialmente dise\u00f1ado para\u00a0\u00a0Elektron Digitakt \/ Digitone\u00a0se atornilla\u00a0desde abajo al chasis del equipo aprovechando sus puntos de anclaje universal\u00a0Vesa\u00a0y permiten usar el equipo en una posici\u00f3n inclinada mucho m\u00e1s ergon\u00f3mica.<\/p>\n<p>Intercambiando la posici\u00f3n de los pies, es posible usar el equipo en dos posiciones posibles; recostado y vertical.<\/p>\n<p>Se coloca en cuesti\u00f3n de segundos y pesa unos pocos gramos.<\/p>\n<p>Cada soporte tiene un rebaje para colocar patas de silicona para evitar que el equipo resbale o raye.<\/p>\n<p>Incluye los dos soportes laterales, los tornillos para su colocaci\u00f3n y las patas de silicona.<\/p>\n","protected":false},"featured_media":4718,"template":"","meta":[],"product_brand":[],"product_cat":[25],"product_tag":[127,124,125,76,126],"class_list":{"0":"post-163","1":"product","2":"type-product","3":"status-publish","4":"has-post-thumbnail","6":"product_cat-soportes","7":"product_tag-analog-heat","8":"product_tag-digitakt","9":"product_tag-digitone","10":"product_tag-elektron","11":"product_tag-syntakt","13":"first","14":"instock","15":"shipping-taxable","16":"purchasable","17":"product-type-simple"},"_links":{"self":[{"href":"https:\/\/coverup.pro\/wp-json\/wp\/v2\/product\/163","targetHints":{"allow":["GET"]}}],"collection":[{"href":"https:\/\/coverup.pro\/wp-json\/wp\/v2\/product"}],"about":[{"href":"https:\/\/coverup.pro\/wp-json\/wp\/v2\/types\/product"}],"wp:featuredmedia":[{"embeddable":true,"href":"https:\/\/coverup.pro\/wp-json\/wp\/v2\/media\/4718"}],"wp:attachment":[{"href":"https:\/\/coverup.pro\/wp-json\/wp\/v2\/media?parent=163"}],"wp:term":[{"taxonomy":"product_brand","embeddable":true,"href":"https:\/\/coverup.pro\/wp-json\/wp\/v2\/product_brand?post=163"},{"taxonomy":"product_cat","embeddable":true,"href":"https:\/\/coverup.pro\/wp-json\/wp\/v2\/product_cat?post=163"},{"taxonomy":"product_tag","embeddable":true,"href":"https:\/\/coverup.pro\/wp-json\/wp\/v2\/product_tag?post=163"}],"curies":[{"name":"wp","href":"https:\/\/api.w.org\/{rel}","templated":true}]}}