{"id":192,"date":"2019-11-22T15:06:16","date_gmt":"2019-11-22T15:06:16","guid":{"rendered":"https:\/\/coveruppro.es\/?post_type=product&#038;p=192"},"modified":"2026-02-13T17:06:21","modified_gmt":"2026-02-13T17:06:21","slug":"soporte-doble-elektron","status":"publish","type":"product","link":"https:\/\/coverup.pro\/producto\/soporte-doble-elektron\/","title":{"rendered":"Soporte Doble Elektron MK1"},"content":{"rendered":"","protected":false},"excerpt":{"rendered":"<p>Soporte para montar dos m\u00e1quinas Elektron l\u00ednea MK1.<\/p>\n<p>Este modelo de\u00a0soporte\u00a0va atornillado en\u00a0los laterales de los equipos.<\/p>\n<p>Permite su uso en un posici\u00f3n c\u00f3moda y ergon\u00f3mica, que a su vez ahorra espacio.<\/p>\n<p>Especialmente dise\u00f1ado teniendo en cuenta la necesidad de\u00a0espacio para el cableado y conectores.<\/p>\n<p>En las caras de apoyo, cada soporte tiene un rebaje para colocar patas de silicona y evitar que el equipo resbale o raye.<\/p>\n<p>Incluye los dos soportes laterales, los tornillos\/arandelas necesarias y las patas de silicona.<\/p>\n<p>Sirven para Monomachine, Machinedrum, Analog Four, Analog RYTM, Octatrack, Octatrack MK2.<\/p>\n","protected":false},"featured_media":2432,"template":"","meta":[],"product_brand":[],"product_cat":[25],"product_tag":[236,122,127,124,125,76,234,233,133,235,135,123,126],"class_list":{"0":"post-192","1":"product","2":"type-product","3":"status-publish","4":"has-post-thumbnail","6":"product_cat-soportes","7":"product_tag-a4","8":"product_tag-analog-four","9":"product_tag-analog-heat","10":"product_tag-digitakt","11":"product_tag-digitone","12":"product_tag-elektron","13":"product_tag-elektron-mk2","14":"product_tag-elelktron-mk1","15":"product_tag-machinedrum","16":"product_tag-monomachine","17":"product_tag-octatrack","18":"product_tag-rytm","19":"product_tag-syntakt","21":"first","22":"instock","23":"shipping-taxable","24":"purchasable","25":"product-type-simple"},"_links":{"self":[{"href":"https:\/\/coverup.pro\/wp-json\/wp\/v2\/product\/192","targetHints":{"allow":["GET"]}}],"collection":[{"href":"https:\/\/coverup.pro\/wp-json\/wp\/v2\/product"}],"about":[{"href":"https:\/\/coverup.pro\/wp-json\/wp\/v2\/types\/product"}],"wp:featuredmedia":[{"embeddable":true,"href":"https:\/\/coverup.pro\/wp-json\/wp\/v2\/media\/2432"}],"wp:attachment":[{"href":"https:\/\/coverup.pro\/wp-json\/wp\/v2\/media?parent=192"}],"wp:term":[{"taxonomy":"product_brand","embeddable":true,"href":"https:\/\/coverup.pro\/wp-json\/wp\/v2\/product_brand?post=192"},{"taxonomy":"product_cat","embeddable":true,"href":"https:\/\/coverup.pro\/wp-json\/wp\/v2\/product_cat?post=192"},{"taxonomy":"product_tag","embeddable":true,"href":"https:\/\/coverup.pro\/wp-json\/wp\/v2\/product_tag?post=192"}],"curies":[{"name":"wp","href":"https:\/\/api.w.org\/{rel}","templated":true}]}}