{"id":2261,"date":"2020-01-13T22:00:34","date_gmt":"2020-01-13T22:00:34","guid":{"rendered":"https:\/\/coveruppro.es\/?post_type=product&#038;p=2261"},"modified":"2025-04-21T12:34:06","modified_gmt":"2025-04-21T12:34:06","slug":"soporte-pedales-eventide","status":"publish","type":"product","link":"https:\/\/coverup.pro\/producto\/soporte-pedales-eventide\/","title":{"rendered":"Soporte pedales Eventide"},"content":{"rendered":"","protected":false},"excerpt":{"rendered":"<p>Estos soportes tipo cuna, permiten usar el equipo en una posici\u00f3n inclinada de manera tal que resulte m\u00e1s c\u00f3moda su operaci\u00f3n.<\/p>\n<p>Es ideal para quienes usan estos pedales sobre una mesa de estudio, normalmente conectados a sintentizadores o consolas.<\/p>\n<p>En su parte inferior, cada pata tiene un rebaje para colocar patas de silicona y evitar que el equipo resbale.<\/p>\n<p>Incluye el soporte y las patas de silicona.<\/p>\n<p>Sirve para Timefactor, Modfactor, Pitchfactor y Space.<\/p>\n<p>El color es a elecci\u00f3n<\/p>\n","protected":false},"featured_media":2486,"template":"","meta":[],"product_brand":[],"product_cat":[25],"product_tag":[],"class_list":{"0":"post-2261","1":"product","2":"type-product","3":"status-publish","4":"has-post-thumbnail","6":"product_cat-soportes","8":"first","9":"instock","10":"shipping-taxable","11":"purchasable","12":"product-type-simple"},"_links":{"self":[{"href":"https:\/\/coverup.pro\/wp-json\/wp\/v2\/product\/2261","targetHints":{"allow":["GET"]}}],"collection":[{"href":"https:\/\/coverup.pro\/wp-json\/wp\/v2\/product"}],"about":[{"href":"https:\/\/coverup.pro\/wp-json\/wp\/v2\/types\/product"}],"wp:featuredmedia":[{"embeddable":true,"href":"https:\/\/coverup.pro\/wp-json\/wp\/v2\/media\/2486"}],"wp:attachment":[{"href":"https:\/\/coverup.pro\/wp-json\/wp\/v2\/media?parent=2261"}],"wp:term":[{"taxonomy":"product_brand","embeddable":true,"href":"https:\/\/coverup.pro\/wp-json\/wp\/v2\/product_brand?post=2261"},{"taxonomy":"product_cat","embeddable":true,"href":"https:\/\/coverup.pro\/wp-json\/wp\/v2\/product_cat?post=2261"},{"taxonomy":"product_tag","embeddable":true,"href":"https:\/\/coverup.pro\/wp-json\/wp\/v2\/product_tag?post=2261"}],"curies":[{"name":"wp","href":"https:\/\/api.w.org\/{rel}","templated":true}]}}