{"id":2360,"date":"2020-01-20T10:36:45","date_gmt":"2020-01-20T10:36:45","guid":{"rendered":"http:\/\/coveruppro.es\/?post_type=product&#038;p=2360"},"modified":"2025-03-20T15:17:59","modified_gmt":"2025-03-20T15:17:59","slug":"soporte-doble-generico","status":"publish","type":"product","link":"https:\/\/coverup.pro\/producto\/soporte-doble-generico\/","title":{"rendered":"Soporte doble g\u00e9nerico"},"content":{"rendered":"","protected":false},"excerpt":{"rendered":"<p>El soporte doble gen\u00e9rico est\u00e1 pensado para albergar dos equipos de diversas dimensiones, con la capacidad de mejorar la posici\u00f3n de operaci\u00f3n en ambos.<\/p>\n<p>A su vez ahorra mucho espacio en superficie, ideal para optimizar el espacio en nuestros estudios.<\/p>\n<p>El ancho es ajustable seg\u00fan el largo que tienen las varillas que unen ambos pies.<\/p>\n<p>El soporte incluye patitas de goma para que no raye ni resbale.<\/p>\n","protected":false},"featured_media":2495,"template":"","meta":[],"product_brand":[],"product_cat":[25],"product_tag":[],"class_list":{"0":"post-2360","1":"product","2":"type-product","3":"status-publish","4":"has-post-thumbnail","6":"product_cat-soportes","8":"first","9":"instock","10":"shipping-taxable","11":"purchasable","12":"product-type-simple"},"_links":{"self":[{"href":"https:\/\/coverup.pro\/wp-json\/wp\/v2\/product\/2360","targetHints":{"allow":["GET"]}}],"collection":[{"href":"https:\/\/coverup.pro\/wp-json\/wp\/v2\/product"}],"about":[{"href":"https:\/\/coverup.pro\/wp-json\/wp\/v2\/types\/product"}],"wp:featuredmedia":[{"embeddable":true,"href":"https:\/\/coverup.pro\/wp-json\/wp\/v2\/media\/2495"}],"wp:attachment":[{"href":"https:\/\/coverup.pro\/wp-json\/wp\/v2\/media?parent=2360"}],"wp:term":[{"taxonomy":"product_brand","embeddable":true,"href":"https:\/\/coverup.pro\/wp-json\/wp\/v2\/product_brand?post=2360"},{"taxonomy":"product_cat","embeddable":true,"href":"https:\/\/coverup.pro\/wp-json\/wp\/v2\/product_cat?post=2360"},{"taxonomy":"product_tag","embeddable":true,"href":"https:\/\/coverup.pro\/wp-json\/wp\/v2\/product_tag?post=2360"}],"curies":[{"name":"wp","href":"https:\/\/api.w.org\/{rel}","templated":true}]}}