{"id":2386,"date":"2020-01-20T10:45:56","date_gmt":"2020-01-20T10:45:56","guid":{"rendered":"http:\/\/coveruppro.es\/?post_type=product&#038;p=2386"},"modified":"2025-04-21T12:33:56","modified_gmt":"2025-04-21T12:33:56","slug":"soporte-o-coast-make-noise","status":"publish","type":"product","link":"https:\/\/coverup.pro\/producto\/soporte-o-coast-make-noise\/","title":{"rendered":"Soporte Make Noise simple"},"content":{"rendered":"","protected":false},"excerpt":{"rendered":"<p>Este soporte tiene la particularidad que dependiendo el lado que se coloque cada pie, se pueden lograr 2 posiciones diferentes de trabajo.<\/p>\n<p>Cada pie se ajusta al equipo y permiten usarlo en una posici\u00f3n mucho m\u00e1s c\u00f3moda y ergon\u00f3mica.<\/p>\n<p>Est\u00e1 dise\u00f1ado de manera tal que todas sus formas sean copiadas por el soporte y el calce sea perfecto.<\/p>\n<p>En su parte inferior, cada pata tiene un rebaje para colocar patas de silicona y evitar que el equipo resbale.<\/p>\n<p>Incluye el soporte y las patas de silicona.<\/p>\n<p>El color es a elecci\u00f3n<\/p>\n","protected":false},"featured_media":2669,"template":"","meta":[],"product_brand":[],"product_cat":[25],"product_tag":[],"class_list":{"0":"post-2386","1":"product","2":"type-product","3":"status-publish","4":"has-post-thumbnail","6":"product_cat-soportes","8":"first","9":"instock","10":"shipping-taxable","11":"purchasable","12":"product-type-simple"},"_links":{"self":[{"href":"https:\/\/coverup.pro\/wp-json\/wp\/v2\/product\/2386","targetHints":{"allow":["GET"]}}],"collection":[{"href":"https:\/\/coverup.pro\/wp-json\/wp\/v2\/product"}],"about":[{"href":"https:\/\/coverup.pro\/wp-json\/wp\/v2\/types\/product"}],"wp:featuredmedia":[{"embeddable":true,"href":"https:\/\/coverup.pro\/wp-json\/wp\/v2\/media\/2669"}],"wp:attachment":[{"href":"https:\/\/coverup.pro\/wp-json\/wp\/v2\/media?parent=2386"}],"wp:term":[{"taxonomy":"product_brand","embeddable":true,"href":"https:\/\/coverup.pro\/wp-json\/wp\/v2\/product_brand?post=2386"},{"taxonomy":"product_cat","embeddable":true,"href":"https:\/\/coverup.pro\/wp-json\/wp\/v2\/product_cat?post=2386"},{"taxonomy":"product_tag","embeddable":true,"href":"https:\/\/coverup.pro\/wp-json\/wp\/v2\/product_tag?post=2386"}],"curies":[{"name":"wp","href":"https:\/\/api.w.org\/{rel}","templated":true}]}}