{"id":3329,"date":"2020-08-23T00:14:56","date_gmt":"2020-08-23T00:14:56","guid":{"rendered":"https:\/\/coverup.pro\/?post_type=product&#038;p=3329"},"modified":"2025-07-25T17:31:22","modified_gmt":"2025-07-25T17:31:22","slug":"soporte-behringer-td3","status":"publish","type":"product","link":"https:\/\/coverup.pro\/producto\/soporte-behringer-td3\/","title":{"rendered":"Soporte Behringer TD3"},"content":{"rendered":"","protected":false},"excerpt":{"rendered":"<p>El sonido \u00e1cido de la m\u00edtica 303 no pasa de moda y esta vez vuelve encarnado como Behringer TD3.<\/p>\n<p>Dise\u00f1amos una serie de 3 soportes para la TD3, indispensables para acomodarla en cualquier setup.<\/p>\n<p>El primer soporte es el <strong>TD3-45<\/strong>,\u00a0 como su nombre lo indica, tiene una inclinaci\u00f3n de 45 grados ideal para la mesa del estudio donde hay poco espacio y con una peque\u00f1a elevaci\u00f3n para poder pasar cables por debajo.<\/p>\n<p>El segundo modelo es el <strong>TD3-Elevado<\/strong>.\u00a0 Con una inclinaci\u00f3n de 30 grados y una elevaci\u00f3n de 7cm. en el frente, resulta ideal para colocar tu TD3 en \u00absegunda l\u00ednea\u00bb, detr\u00e1s de otros equipos.\u00a0 El soporte elevado tambi\u00e9n permite colocar otros equipos debajo, por ejemplo tu interfaz de audio.<\/p>\n<p>El \u00faltimo soporte es el <strong>TD3-Doble<\/strong>, para aquellos que necesitan doble d\u00f3sis de sonido \u00e1cido.<br \/>\nSobre este modelo podr\u00e1n colocar dos TD3, o\u00a0 bien combinar con otros sintetizadores.<\/p>\n<p>Todos los modelos tambi\u00e9n son compatibles con Behringer RD6.<\/p>\n","protected":false},"featured_media":3333,"template":"","meta":[],"product_brand":[],"product_cat":[25],"product_tag":[68,277,278,276],"class_list":{"0":"post-3329","1":"product","2":"type-product","3":"status-publish","4":"has-post-thumbnail","6":"product_cat-soportes","7":"product_tag-behringer","8":"product_tag-rd6","9":"product_tag-rd78","10":"product_tag-td3","12":"first","13":"instock","14":"shipping-taxable","15":"purchasable","16":"product-type-variable"},"_links":{"self":[{"href":"https:\/\/coverup.pro\/wp-json\/wp\/v2\/product\/3329","targetHints":{"allow":["GET"]}}],"collection":[{"href":"https:\/\/coverup.pro\/wp-json\/wp\/v2\/product"}],"about":[{"href":"https:\/\/coverup.pro\/wp-json\/wp\/v2\/types\/product"}],"wp:featuredmedia":[{"embeddable":true,"href":"https:\/\/coverup.pro\/wp-json\/wp\/v2\/media\/3333"}],"wp:attachment":[{"href":"https:\/\/coverup.pro\/wp-json\/wp\/v2\/media?parent=3329"}],"wp:term":[{"taxonomy":"product_brand","embeddable":true,"href":"https:\/\/coverup.pro\/wp-json\/wp\/v2\/product_brand?post=3329"},{"taxonomy":"product_cat","embeddable":true,"href":"https:\/\/coverup.pro\/wp-json\/wp\/v2\/product_cat?post=3329"},{"taxonomy":"product_tag","embeddable":true,"href":"https:\/\/coverup.pro\/wp-json\/wp\/v2\/product_tag?post=3329"}],"curies":[{"name":"wp","href":"https:\/\/api.w.org\/{rel}","templated":true}]}}