{"id":3637,"date":"2021-10-08T16:43:21","date_gmt":"2021-10-08T16:43:21","guid":{"rendered":"https:\/\/coverup.pro\/?post_type=product&#038;p=3637"},"modified":"2025-07-25T17:29:12","modified_gmt":"2025-07-25T17:29:12","slug":"soporte-behringer-model-d-moog","status":"publish","type":"product","link":"https:\/\/coverup.pro\/producto\/soporte-behringer-model-d-moog\/","title":{"rendered":"Soporte Behringer Model D + Moog"},"content":{"rendered":"","protected":false},"excerpt":{"rendered":"<p>Este soporte est\u00e1 pensado para inclinar y elevar el sintetizador Behringer Model D, con la altura y el \u00e1ngulo perfecto para colocarlo detr\u00e1s de un Moog Mother32, DFAM o Subharmonicon.<\/p>\n<p>Esta nueva posici\u00f3n permite tambi\u00e9n colocar un controlador delante del Model D.<\/p>\n<p>Este modelo se arma y desarma en segundos, pesa unos pocos gramos y ocupa poco espacio.<\/p>\n<p>Ideal para quienes utilizan el Model D en vivo.<\/p>\n<p>&nbsp;<\/p>\n","protected":false},"featured_media":3638,"template":"","meta":[],"product_brand":[],"product_cat":[25],"product_tag":[68,40],"class_list":{"0":"post-3637","1":"product","2":"type-product","3":"status-publish","4":"has-post-thumbnail","6":"product_cat-soportes","7":"product_tag-behringer","8":"product_tag-moog","10":"first","11":"instock","12":"shipping-taxable","13":"purchasable","14":"product-type-simple"},"_links":{"self":[{"href":"https:\/\/coverup.pro\/wp-json\/wp\/v2\/product\/3637","targetHints":{"allow":["GET"]}}],"collection":[{"href":"https:\/\/coverup.pro\/wp-json\/wp\/v2\/product"}],"about":[{"href":"https:\/\/coverup.pro\/wp-json\/wp\/v2\/types\/product"}],"wp:featuredmedia":[{"embeddable":true,"href":"https:\/\/coverup.pro\/wp-json\/wp\/v2\/media\/3638"}],"wp:attachment":[{"href":"https:\/\/coverup.pro\/wp-json\/wp\/v2\/media?parent=3637"}],"wp:term":[{"taxonomy":"product_brand","embeddable":true,"href":"https:\/\/coverup.pro\/wp-json\/wp\/v2\/product_brand?post=3637"},{"taxonomy":"product_cat","embeddable":true,"href":"https:\/\/coverup.pro\/wp-json\/wp\/v2\/product_cat?post=3637"},{"taxonomy":"product_tag","embeddable":true,"href":"https:\/\/coverup.pro\/wp-json\/wp\/v2\/product_tag?post=3637"}],"curies":[{"name":"wp","href":"https:\/\/api.w.org\/{rel}","templated":true}]}}