{"id":3880,"date":"2022-04-23T16:09:36","date_gmt":"2022-04-23T16:09:36","guid":{"rendered":"https:\/\/coverup.pro\/?post_type=product&#038;p=3880"},"modified":"2026-04-18T00:46:51","modified_gmt":"2026-04-18T00:46:51","slug":"soporte-triple-modular-320","status":"publish","type":"product","link":"https:\/\/coverup.pro\/producto\/soporte-triple-modular-320\/","title":{"rendered":"Soporte Triple Modular &#8211; 320"},"content":{"rendered":"","protected":false},"excerpt":{"rendered":"<p>Sabemos que muchas veces, nuestro setup de sintetizadores y equipos de estudio cambian permanentemente y con ello tambi\u00e9n la posici\u00f3n sobre la mesa de trabajo.<br \/>\nTeniendo en cuenta esto, desarrollamos un soporte de 3 niveles, que se puede armar de diferentes maneras dependiendo de la cantidad m\u00e1quinas que vayamos a colocar y su tama\u00f1o.<\/p>\n<p>En la configuraci\u00f3n de soporte triple (utilizando las 4 partes), se pueden colocar 3 m\u00e1quinas de 20cm. de profundidad y un alto m\u00e1ximo de 7cm.<br \/>\nEste espacio es suficiente para gran parte del hardware disponible hoy en d\u00eda.<\/p>\n<p>Las partes del soporte triple, se ensamblan con tornillos (inclu\u00eddos) usando un encastre universal que los mantiene unidos firmemente.<br \/>\nA su vez cada parte se puede utilizar como un soporte simple. S\u00f3lo basta con separar las partes quitando los tornillos y usar cada parte seg\u00fan nos convenga.<\/p>\n<p>Cada parte tiene debajo patitas de goma, para que el soporte no resbale y quede firmemente apoyado.<br \/>\nAmbas mitades del soporte triple se vinculan con varillas de madera\u00a0 en varios puntos para darle estabilidad lateral.<\/p>\n<p>El dise\u00f1o contempla espacio para los conectores traseros de cada equipo, para que ninguno quede obstruido por el soporte.<\/p>\n<p>Medidas:<br \/>\nProfundidad: 58cm<br \/>\nAlto: 41cm<br \/>\nAncho: 34cm<\/p>\n","protected":false},"featured_media":3882,"template":"","meta":[],"product_brand":[],"product_cat":[25],"product_tag":[75,56,68,76,77,80,78,79,74],"class_list":{"0":"post-3880","1":"product","2":"type-product","3":"status-publish","4":"has-post-thumbnail","6":"product_cat-soportes","7":"product_tag-3-tier","8":"product_tag-arturia","9":"product_tag-behringer","10":"product_tag-elektron","11":"product_tag-hydrasynth","12":"product_tag-mk2","13":"product_tag-modeular","14":"product_tag-stand-triple","15":"product_tag-triple","17":"first","18":"instock","19":"shipping-taxable","20":"purchasable","21":"product-type-simple"},"_links":{"self":[{"href":"https:\/\/coverup.pro\/wp-json\/wp\/v2\/product\/3880","targetHints":{"allow":["GET"]}}],"collection":[{"href":"https:\/\/coverup.pro\/wp-json\/wp\/v2\/product"}],"about":[{"href":"https:\/\/coverup.pro\/wp-json\/wp\/v2\/types\/product"}],"wp:featuredmedia":[{"embeddable":true,"href":"https:\/\/coverup.pro\/wp-json\/wp\/v2\/media\/3882"}],"wp:attachment":[{"href":"https:\/\/coverup.pro\/wp-json\/wp\/v2\/media?parent=3880"}],"wp:term":[{"taxonomy":"product_brand","embeddable":true,"href":"https:\/\/coverup.pro\/wp-json\/wp\/v2\/product_brand?post=3880"},{"taxonomy":"product_cat","embeddable":true,"href":"https:\/\/coverup.pro\/wp-json\/wp\/v2\/product_cat?post=3880"},{"taxonomy":"product_tag","embeddable":true,"href":"https:\/\/coverup.pro\/wp-json\/wp\/v2\/product_tag?post=3880"}],"curies":[{"name":"wp","href":"https:\/\/api.w.org\/{rel}","templated":true}]}}