{"id":4645,"date":"2024-04-05T01:03:51","date_gmt":"2024-04-05T01:03:51","guid":{"rendered":"https:\/\/coverup.pro\/?post_type=product&#038;p=4645"},"modified":"2025-04-21T12:31:27","modified_gmt":"2025-04-21T12:31:27","slug":"soporte-behringer-pro-vs-mini","status":"publish","type":"product","link":"https:\/\/coverup.pro\/producto\/soporte-behringer-pro-vs-mini\/","title":{"rendered":"Soporte Behringer Pro VS Mini"},"content":{"rendered":"","protected":false},"excerpt":{"rendered":"<p>Con los sintetizadores peque\u00f1os, donde las perillas y controles est\u00e1n m\u00e1s juntos, resulta vital tener un buena posici\u00f3n de trabajo.<\/p>\n<p>Esto ayuda a que los equipos peque\u00f1os sean m\u00e1s \u00abusables\u00bb al integrarlos a un setup.<\/p>\n<p>Para el caso del Behringer Pro VS Mini ofrecemos un soporte ergon\u00f3mico en dos diferentes \u00e1ngulos: 20\u00b0 y 40\u00b0<\/p>\n<p>Seg\u00fan te convenga, puedes elegir entre estas dos opciones disponibles.<\/p>\n<p>Cada soporte tiene patitas de goma para que no raye ni resbale.<\/p>\n","protected":false},"featured_media":4638,"template":"","meta":[],"product_brand":[],"product_cat":[25],"product_tag":[68,169,166,168,167],"class_list":{"0":"post-4645","1":"product","2":"type-product","3":"status-publish","4":"has-post-thumbnail","6":"product_cat-soportes","7":"product_tag-behringer","8":"product_tag-mini","9":"product_tag-pro","10":"product_tag-vs","11":"product_tag-vs-mini","13":"first","14":"instock","15":"shipping-taxable","16":"purchasable","17":"product-type-variable"},"_links":{"self":[{"href":"https:\/\/coverup.pro\/wp-json\/wp\/v2\/product\/4645","targetHints":{"allow":["GET"]}}],"collection":[{"href":"https:\/\/coverup.pro\/wp-json\/wp\/v2\/product"}],"about":[{"href":"https:\/\/coverup.pro\/wp-json\/wp\/v2\/types\/product"}],"wp:featuredmedia":[{"embeddable":true,"href":"https:\/\/coverup.pro\/wp-json\/wp\/v2\/media\/4638"}],"wp:attachment":[{"href":"https:\/\/coverup.pro\/wp-json\/wp\/v2\/media?parent=4645"}],"wp:term":[{"taxonomy":"product_brand","embeddable":true,"href":"https:\/\/coverup.pro\/wp-json\/wp\/v2\/product_brand?post=4645"},{"taxonomy":"product_cat","embeddable":true,"href":"https:\/\/coverup.pro\/wp-json\/wp\/v2\/product_cat?post=4645"},{"taxonomy":"product_tag","embeddable":true,"href":"https:\/\/coverup.pro\/wp-json\/wp\/v2\/product_tag?post=4645"}],"curies":[{"name":"wp","href":"https:\/\/api.w.org\/{rel}","templated":true}]}}