{"id":5133,"date":"2025-06-13T15:48:20","date_gmt":"2025-06-13T15:48:20","guid":{"rendered":"https:\/\/coverup.pro\/?post_type=product&#038;p=5133"},"modified":"2025-06-13T15:48:20","modified_gmt":"2025-06-13T15:48:20","slug":"soporte-ableton-move","status":"publish","type":"product","link":"https:\/\/coverup.pro\/producto\/soporte-ableton-move\/","title":{"rendered":"Soporte Ableton Move"},"content":{"rendered":"","protected":false},"excerpt":{"rendered":"<p>Para el flamante controlador <strong>Ableton Move<\/strong>, desarrollamos dos soportes ergon\u00f3micos para quienes hayan sumado este equipo a su setup de estudio o vivo.<br \/>\nEl soporte copia las formas de la parte inferior del <strong>Move<\/strong>, logrando agarre y estabilidad, sujetando el equipo desde adelante y atr\u00e1s.<br \/>\nEl \u00e1ngulo es ideal para usarlo tanto de pie, como sentado.<\/p>\n<p>Si bien las dos variantes de soporte para Move, tienen el mismo \u00e1ngulo, ofrecemos dos opciones:<\/p>\n<p><strong>Soporte bajo<\/strong> &#8211; pensado para quienes usan el Move en \u00abprimera fila\u00bb sobre la mesa de trabajo.\u00a0 Ofrece posici\u00f3n c\u00f3moda para apoyar la mu\u00f1eca y presionar botones y perillas sin esfuerzo.<\/p>\n<p><strong>Soporte elevado<\/strong> &#8211; resulta ideal para colocar el Move detr\u00e1s de otro equipo.\u00a0 Esa altura adicional, evita que el Move obstruya conectores traseros del equipo que est\u00e1 por delante.\u00a0 Esto ahorra espacio, evita fatiga de cables\/conectores, da una sensaci\u00f3n de continuidad entre los frentes de los equipos.<\/p>\n<p>En ambos casos el soporte tiene en su parte inferior, patitas de goma 3M que afirman el equipo a la mesa del estudio.\u00a0 Esto resulta fundamental sobre todo cuando se trata de equipos con pads, que pueden ser usados para finger-drumming.<\/p>\n","protected":false},"featured_media":5103,"template":"","meta":[],"product_brand":[],"product_cat":[25],"product_tag":[110,256],"class_list":{"0":"post-5133","1":"product","2":"type-product","3":"status-publish","4":"has-post-thumbnail","6":"product_cat-soportes","7":"product_tag-ableton","8":"product_tag-move","10":"first","11":"instock","12":"shipping-taxable","13":"purchasable","14":"product-type-variable"},"_links":{"self":[{"href":"https:\/\/coverup.pro\/wp-json\/wp\/v2\/product\/5133","targetHints":{"allow":["GET"]}}],"collection":[{"href":"https:\/\/coverup.pro\/wp-json\/wp\/v2\/product"}],"about":[{"href":"https:\/\/coverup.pro\/wp-json\/wp\/v2\/types\/product"}],"wp:featuredmedia":[{"embeddable":true,"href":"https:\/\/coverup.pro\/wp-json\/wp\/v2\/media\/5103"}],"wp:attachment":[{"href":"https:\/\/coverup.pro\/wp-json\/wp\/v2\/media?parent=5133"}],"wp:term":[{"taxonomy":"product_brand","embeddable":true,"href":"https:\/\/coverup.pro\/wp-json\/wp\/v2\/product_brand?post=5133"},{"taxonomy":"product_cat","embeddable":true,"href":"https:\/\/coverup.pro\/wp-json\/wp\/v2\/product_cat?post=5133"},{"taxonomy":"product_tag","embeddable":true,"href":"https:\/\/coverup.pro\/wp-json\/wp\/v2\/product_tag?post=5133"}],"curies":[{"name":"wp","href":"https:\/\/api.w.org\/{rel}","templated":true}]}}