{"id":5150,"date":"2025-06-20T17:26:30","date_gmt":"2025-06-20T17:26:30","guid":{"rendered":"https:\/\/coverup.pro\/?post_type=product&#038;p=5150"},"modified":"2026-02-12T18:28:28","modified_gmt":"2026-02-12T18:28:28","slug":"cover-protector-gs-music-e7","status":"publish","type":"product","link":"https:\/\/coverup.pro\/producto\/cover-protector-gs-music-e7\/","title":{"rendered":"Cover protector GS Music e7"},"content":{"rendered":"","protected":false},"excerpt":{"rendered":"<p>Para los afortunados poseedores del gran sintetizador polif\u00f3nico nacional, les traemos una soluci\u00f3n al polvo, suciedad, gatos y dem\u00e1s amenazas a la salud electr\u00f3nica del GS Music e7.<br \/>\nDise\u00f1amos un cover protector que calza perfectamente sobre los bordes del sintetizador.<br \/>\nEste cover evita que se deposite polvo o bien protege las perillas y controles durante el traslado.<\/p>\n","protected":false},"featured_media":5155,"template":"","meta":[],"product_brand":[],"product_cat":[33],"product_tag":[120,118,119,264],"class_list":{"0":"post-5150","1":"product","2":"type-product","3":"status-publish","4":"has-post-thumbnail","6":"product_cat-covers","7":"product_tag-e7","8":"product_tag-gs","9":"product_tag-gs-music","10":"product_tag-polifonico","12":"first","13":"instock","14":"shipping-taxable","15":"purchasable","16":"product-type-simple"},"_links":{"self":[{"href":"https:\/\/coverup.pro\/wp-json\/wp\/v2\/product\/5150","targetHints":{"allow":["GET"]}}],"collection":[{"href":"https:\/\/coverup.pro\/wp-json\/wp\/v2\/product"}],"about":[{"href":"https:\/\/coverup.pro\/wp-json\/wp\/v2\/types\/product"}],"wp:featuredmedia":[{"embeddable":true,"href":"https:\/\/coverup.pro\/wp-json\/wp\/v2\/media\/5155"}],"wp:attachment":[{"href":"https:\/\/coverup.pro\/wp-json\/wp\/v2\/media?parent=5150"}],"wp:term":[{"taxonomy":"product_brand","embeddable":true,"href":"https:\/\/coverup.pro\/wp-json\/wp\/v2\/product_brand?post=5150"},{"taxonomy":"product_cat","embeddable":true,"href":"https:\/\/coverup.pro\/wp-json\/wp\/v2\/product_cat?post=5150"},{"taxonomy":"product_tag","embeddable":true,"href":"https:\/\/coverup.pro\/wp-json\/wp\/v2\/product_tag?post=5150"}],"curies":[{"name":"wp","href":"https:\/\/api.w.org\/{rel}","templated":true}]}}